{"id":2,"date":"2023-02-17T12:47:54","date_gmt":"2023-02-17T11:47:54","guid":{"rendered":"https:\/\/www.stolarstvo-fekete.sk\/?page_id=2"},"modified":"2023-09-13T13:30:30","modified_gmt":"2023-09-13T11:30:30","slug":"domov","status":"publish","type":"page","link":"https:\/\/stolarstvo-fekete.sk\/","title":{"rendered":"Domov"},"content":{"rendered":"\n<blockquote class=\"wp-block-quote is-layout-flow wp-block-quote-is-layout-flow\">\n<p><\/p>\n<\/blockquote>\n\n\n\n<div class=\"wp-block-media-text alignwide is-stacked-on-mobile is-vertically-aligned-top\"><figure class=\"wp-block-media-text__media\"><img loading=\"lazy\" decoding=\"async\" width=\"400\" height=\"414\" src=\"https:\/\/www.stolarstvo-fekete.sk\/wp-content\/uploads\/2023\/02\/terkp.jpg\" alt=\"\" class=\"wp-image-13 size-full\" srcset=\"https:\/\/stolarstvo-fekete.sk\/wp-content\/uploads\/2023\/02\/terkp.jpg 400w, https:\/\/stolarstvo-fekete.sk\/wp-content\/uploads\/2023\/02\/terkp-290x300.jpg 290w\" sizes=\"auto, (max-width: 400px) 100vw, 400px\" \/><\/figure><div class=\"wp-block-media-text__content\">\n<figure class=\"wp-block-image size-large\"><img loading=\"lazy\" decoding=\"async\" width=\"1024\" height=\"138\" src=\"https:\/\/www.stolarstvo-fekete.sk\/wp-content\/uploads\/2023\/02\/header-2-1024x138.jpg\" alt=\"\" class=\"wp-image-15\" srcset=\"https:\/\/stolarstvo-fekete.sk\/wp-content\/uploads\/2023\/02\/header-2-1024x138.jpg 1024w, https:\/\/stolarstvo-fekete.sk\/wp-content\/uploads\/2023\/02\/header-2-300x41.jpg 300w, https:\/\/stolarstvo-fekete.sk\/wp-content\/uploads\/2023\/02\/header-2-768x104.jpg 768w, https:\/\/stolarstvo-fekete.sk\/wp-content\/uploads\/2023\/02\/header-2-1536x207.jpg 1536w, https:\/\/stolarstvo-fekete.sk\/wp-content\/uploads\/2023\/02\/header-2.jpg 2000w\" sizes=\"auto, (max-width: 1024px) 100vw, 1024px\" \/><\/figure>\n\n\n\n<p><strong>\u013dudov\u00edt Fekete &#8211; Stol\u00e1rstvo Fekete<\/strong><\/p>\n\n\n\n<p>Adresa:<br>Blatn\u00e1 na Ostrove 35<br>93032 Blatn\u00e1 na Ostrove<\/p>\n\n\n\n<p>I\u010cO: 14149745<br>DI\u010c: 1020259185<\/p>\n\n\n\n<p><strong>Kontakt<\/strong><\/p>\n\n\n\n<p>+421 905 656 874 <\/p>\n\n\n\n<figure class=\"wp-block-image size-large is-resized\"><a href=\"https:\/\/stolarstvo-fekete.sk\/wp-content\/uploads\/2023\/09\/Publicita-plagat-A3.pdf\" target=\"_blank\" rel=\"noreferrer noopener\"><img loading=\"lazy\" decoding=\"async\" src=\"https:\/\/stolarstvo-fekete.sk\/wp-content\/uploads\/2023\/09\/fekete-1024x720.jpg\" alt=\"\" class=\"wp-image-28\" style=\"width:195px;height:137px\" width=\"195\" height=\"137\" srcset=\"https:\/\/stolarstvo-fekete.sk\/wp-content\/uploads\/2023\/09\/fekete-1024x720.jpg 1024w, https:\/\/stolarstvo-fekete.sk\/wp-content\/uploads\/2023\/09\/fekete-300x211.jpg 300w, https:\/\/stolarstvo-fekete.sk\/wp-content\/uploads\/2023\/09\/fekete-768x540.jpg 768w, https:\/\/stolarstvo-fekete.sk\/wp-content\/uploads\/2023\/09\/fekete.jpg 1390w\" sizes=\"auto, (max-width: 195px) 100vw, 195px\" \/><\/a><\/figure>\n\n\n\n<div class=\"wp-block-buttons is-layout-flex wp-block-buttons-is-layout-flex\">\n<div class=\"wp-block-button is-style-fill\"><a class=\"wp-block-button__link has-base-color has-contrast-background-color has-text-color has-background wp-element-button\" href=\"https:\/\/www.stolarstvo-fekete.sk\/wp-content\/uploads\/2023\/02\/Zaznam-z-prieskumu-trhu.pdf\" target=\"_blank\" rel=\"noreferrer noopener\">Z\u00e1znam z prieskumu trhu<\/a><\/div>\n<\/div>\n<\/div><\/div>\n\n\n\n<p><\/p>\n","protected":false},"excerpt":{"rendered":"","protected":false},"author":1,"featured_media":0,"parent":0,"menu_order":0,"comment_status":"closed","ping_status":"closed","template":"","meta":{"footnotes":""},"class_list":["post-2","page","type-page","status-publish","hentry"],"_links":{"self":[{"href":"https:\/\/stolarstvo-fekete.sk\/index.php?rest_route=\/wp\/v2\/pages\/2","targetHints":{"allow":["GET"]}}],"collection":[{"href":"https:\/\/stolarstvo-fekete.sk\/index.php?rest_route=\/wp\/v2\/pages"}],"about":[{"href":"https:\/\/stolarstvo-fekete.sk\/index.php?rest_route=\/wp\/v2\/types\/page"}],"author":[{"embeddable":true,"href":"https:\/\/stolarstvo-fekete.sk\/index.php?rest_route=\/wp\/v2\/users\/1"}],"replies":[{"embeddable":true,"href":"https:\/\/stolarstvo-fekete.sk\/index.php?rest_route=%2Fwp%2Fv2%2Fcomments&post=2"}],"version-history":[{"count":15,"href":"https:\/\/stolarstvo-fekete.sk\/index.php?rest_route=\/wp\/v2\/pages\/2\/revisions"}],"predecessor-version":[{"id":33,"href":"https:\/\/stolarstvo-fekete.sk\/index.php?rest_route=\/wp\/v2\/pages\/2\/revisions\/33"}],"wp:attachment":[{"href":"https:\/\/stolarstvo-fekete.sk\/index.php?rest_route=%2Fwp%2Fv2%2Fmedia&parent=2"}],"curies":[{"name":"wp","href":"https:\/\/api.w.org\/{rel}","templated":true}]}}